{"id":7175,"date":"2020-12-17T13:22:24","date_gmt":"2020-12-17T11:22:24","guid":{"rendered":"https:\/\/www.lyttosmare.gr\/home\/"},"modified":"2026-01-09T11:07:36","modified_gmt":"2026-01-09T09:07:36","slug":"home","status":"publish","type":"page","link":"https:\/\/www.lyttosmare.gr\/fr\/","title":{"rendered":"Accueil"},"content":{"rendered":"<p>D\u00e9couvrez l\u2019accueil chaleureux cr\u00e9tois de Lyttos Mare Premium All Inclusive Beach Resort, un luxueux complexe baln\u00e9aire 5 \u00e9toiles situ\u00e9 dans le nord de la Cr\u00e8te, l\u2019une des plus belles \u00eeles de Gr\u00e8ce, offrant des vacances paisibles au bord de la mer, con\u00e7ues exclusivement pour les adultes et les clients de plus de 12 ans.<\/p>\n<p>Nich\u00e9 au milieu de sublimes piscines et d\u2019un magnifique environnement naturel, Lyttos Mare est un endroit id\u00e9al pour explorer la Cr\u00e8te. Situ\u00e9 \u00e0 une courte distance de la ville vivante et anim\u00e9e de Hersonissos et \u00e0 proximit\u00e9 des sites les plus fascinants de la Cr\u00e8te, Lyttos Mare est un excellent choix si vous souhaitez vous d\u00e9tendre, d\u00e9couvrir, ressentir et vivre la Cr\u00e8te. Agr\u00e9ment\u00e9e de touches chaleureuses d\u2019\u00e9l\u00e9gance omnipr\u00e9sentes dans l&rsquo;ensemble de l\u2019h\u00f4tel, notre hospitalit\u00e9 est une invitation \u00e0 une exp\u00e9rience de vacances unique.<\/p>\n","protected":false},"excerpt":{"rendered":"<p>D\u00e9couvrez l\u2019accueil chaleureux cr\u00e9tois de Lyttos Mare Premium All Inclusive Beach Resort, un luxueux complexe baln\u00e9aire 5 \u00e9toiles situ\u00e9 dans le nord de la Cr\u00e8te, l\u2019une des plus belles \u00eeles de Gr\u00e8ce, offrant des vacances paisibles au bord de la&hellip;<\/p>\n","protected":false},"author":1,"featured_media":0,"parent":0,"menu_order":0,"comment_status":"closed","ping_status":"closed","template":"kobo\/home.php","meta":{"_acf_changed":false,"footnotes":""},"class_list":["post-7175","page","type-page","status-publish","hentry","entry","no-media"],"acf":[],"aioseo_notices":[],"_links":{"self":[{"href":"https:\/\/www.lyttosmare.gr\/fr\/wp-json\/wp\/v2\/pages\/7175","targetHints":{"allow":["GET"]}}],"collection":[{"href":"https:\/\/www.lyttosmare.gr\/fr\/wp-json\/wp\/v2\/pages"}],"about":[{"href":"https:\/\/www.lyttosmare.gr\/fr\/wp-json\/wp\/v2\/types\/page"}],"author":[{"embeddable":true,"href":"https:\/\/www.lyttosmare.gr\/fr\/wp-json\/wp\/v2\/users\/1"}],"replies":[{"embeddable":true,"href":"https:\/\/www.lyttosmare.gr\/fr\/wp-json\/wp\/v2\/comments?post=7175"}],"version-history":[{"count":3,"href":"https:\/\/www.lyttosmare.gr\/fr\/wp-json\/wp\/v2\/pages\/7175\/revisions"}],"predecessor-version":[{"id":8677,"href":"https:\/\/www.lyttosmare.gr\/fr\/wp-json\/wp\/v2\/pages\/7175\/revisions\/8677"}],"wp:attachment":[{"href":"https:\/\/www.lyttosmare.gr\/fr\/wp-json\/wp\/v2\/media?parent=7175"}],"curies":[{"name":"wp","href":"https:\/\/api.w.org\/{rel}","templated":true}]}}