{"id":7174,"date":"2021-03-09T11:42:45","date_gmt":"2021-03-09T09:42:45","guid":{"rendered":"https:\/\/www.lyttosmare.gr\/about\/"},"modified":"2026-01-09T11:08:32","modified_gmt":"2026-01-09T09:08:32","slug":"about","status":"publish","type":"page","link":"https:\/\/www.lyttosmare.gr\/fr\/about\/","title":{"rendered":"\u00c0 PROPOS DE NOUS"},"content":{"rendered":"<p>Lyttos Mare Premium All Inclusive Beach Resort est un monde de d\u00e9tente indulgente et de luxe contemporain sur les rives de la Cr\u00e8te. Ce complexe baln\u00e9aire sophistiqu\u00e9, dot\u00e9 d\u2019une architecture \u00e9poustouflante et d\u2019un service irr\u00e9prochable, se dresse comme un symbole de l\u2019hospitalit\u00e9 et de la magnificence cr\u00e9toises sur la plage d\u2019Analipsi, dans la baie de Hersonissos. Avec ses piscines cristallines, ses vues infinies sur la mer et ses couchers de soleil \u00e0 couper le souffle, Lyttos Mare offre une exp\u00e9rience paisible pour les adultes et les clients de 12 ans et plus, alliant un magnifique cadre naturel, des installations modernes et une gastronomie raffin\u00e9e.<\/p>\n<p>Son nom d\u00e9rive de l\u2019ancienne ville de Lyttos, un lieu important de la civilisation minoenne, connue pour sa richesse et sa puissance il y a des milliers d\u2019ann\u00e9es. Aujourd\u2019hui, Lyttos Mare Premium All Inclusive Beach Resort est un t\u00e9moignage intemporel de style et de sophistication, une expression raffin\u00e9e de l\u2019hospitalit\u00e9 contemporaine. Avec ses espaces a\u00e9r\u00e9s et d\u00e9cloisonn\u00e9s et son ambiance paisible, il constitue un lieu pr\u00e9cieux o\u00f9 les clients peuvent se d\u00e9tendre, se ressourcer et profiter du calme.<\/p>\n<p>Bienvenue au Lyttos Mare Premium All Inclusive Beach Resort, un sanctuaire baln\u00e9aire tout compris pour adultes et clients de 12 ans et plus, o\u00f9 des souvenirs inoubliables se cr\u00e9ent sous le soleil cr\u00e9tois.<\/p>\n","protected":false},"excerpt":{"rendered":"<p>Lyttos Mare Premium All Inclusive Beach Resort est un monde de d\u00e9tente indulgente et de luxe contemporain sur les rives de la Cr\u00e8te. Ce complexe baln\u00e9aire sophistiqu\u00e9, dot\u00e9 d\u2019une architecture \u00e9poustouflante et d\u2019un service irr\u00e9prochable, se dresse comme un symbole&hellip;<\/p>\n","protected":false},"author":1,"featured_media":0,"parent":0,"menu_order":0,"comment_status":"closed","ping_status":"closed","template":"kobo\/about.php","meta":{"_acf_changed":false,"footnotes":""},"class_list":["post-7174","page","type-page","status-publish","hentry","entry","no-media"],"acf":[],"aioseo_notices":[],"_links":{"self":[{"href":"https:\/\/www.lyttosmare.gr\/fr\/wp-json\/wp\/v2\/pages\/7174","targetHints":{"allow":["GET"]}}],"collection":[{"href":"https:\/\/www.lyttosmare.gr\/fr\/wp-json\/wp\/v2\/pages"}],"about":[{"href":"https:\/\/www.lyttosmare.gr\/fr\/wp-json\/wp\/v2\/types\/page"}],"author":[{"embeddable":true,"href":"https:\/\/www.lyttosmare.gr\/fr\/wp-json\/wp\/v2\/users\/1"}],"replies":[{"embeddable":true,"href":"https:\/\/www.lyttosmare.gr\/fr\/wp-json\/wp\/v2\/comments?post=7174"}],"version-history":[{"count":4,"href":"https:\/\/www.lyttosmare.gr\/fr\/wp-json\/wp\/v2\/pages\/7174\/revisions"}],"predecessor-version":[{"id":8678,"href":"https:\/\/www.lyttosmare.gr\/fr\/wp-json\/wp\/v2\/pages\/7174\/revisions\/8678"}],"wp:attachment":[{"href":"https:\/\/www.lyttosmare.gr\/fr\/wp-json\/wp\/v2\/media?parent=7174"}],"curies":[{"name":"wp","href":"https:\/\/api.w.org\/{rel}","templated":true}]}}