{"id":7173,"date":"2021-03-09T11:42:50","date_gmt":"2021-03-09T09:42:50","guid":{"rendered":"https:\/\/www.lyttosmare.gr\/accommodation\/"},"modified":"2026-01-09T11:09:04","modified_gmt":"2026-01-09T09:09:04","slug":"accommodation","status":"publish","type":"page","link":"https:\/\/www.lyttosmare.gr\/fr\/accommodation\/","title":{"rendered":"H\u00e9bergement"},"content":{"rendered":"<p>Profitez d\u2019\u00e9quipements soigneusement con\u00e7us sur mesure pour les adultes et les clients de plus de 12 ans. Des touches de bois clair, des tissus luxueux et une palette de couleurs inspir\u00e9e par la M\u00e9diterran\u00e9e en accord avec le paysage c\u00f4tier grec cr\u00e9ent une ambiance d\u2019\u00e9l\u00e9gance discr\u00e8te. Des vues \u00e0 couper le souffle sur les jardins, les piscines immacul\u00e9es et la mer de Cr\u00e8te s\u2019offrent \u00e0 vous depuis l\u2019intimit\u00e9 de votre balcon ou de votre terrasse.<\/p>\n<p>Chez Lyttos Mare Premium All Inclusive Beach Resort, votre plus grand confort est notre principale pr\u00e9occupation. C\u2019est pourquoi toutes les chambres disposent d\u2019un concept de literie exclusif et d\u2019articles de toilette haut de gamme. Notre offre vari\u00e9e d\u2019h\u00e9bergements va des chambres et suites \u00e9l\u00e9gantes aux suites spacieuses \u00e0 plusieurs chambres, id\u00e9ales pour les couples, les amis et les clients voyageant avec des enfants de plus de 12 ans. D\u00e9tendez-vous, faites-vous plaisir et ressentez un renouveau en vous impr\u00e9gnant de l\u2019hospitalit\u00e9 cr\u00e9toise authentique, du luxe sur mesure et des services attentionn\u00e9s aux moindres d\u00e9tails, et sentez-vous imm\u00e9diatement chez vous dans ce refuge cinq \u00e9toiles accueillant en Cr\u00e8te.<\/p>\n","protected":false},"excerpt":{"rendered":"<p>Profitez d\u2019\u00e9quipements soigneusement con\u00e7us sur mesure pour les adultes et les clients de plus de 12 ans. Des touches de bois clair, des tissus luxueux et une palette de couleurs inspir\u00e9e par la M\u00e9diterran\u00e9e en accord avec le paysage c\u00f4tier&hellip;<\/p>\n","protected":false},"author":1,"featured_media":0,"parent":0,"menu_order":0,"comment_status":"closed","ping_status":"closed","template":"kobo\/rooms.php","meta":{"_acf_changed":false,"footnotes":""},"class_list":["post-7173","page","type-page","status-publish","hentry","entry","no-media"],"acf":[],"aioseo_notices":[],"_links":{"self":[{"href":"https:\/\/www.lyttosmare.gr\/fr\/wp-json\/wp\/v2\/pages\/7173","targetHints":{"allow":["GET"]}}],"collection":[{"href":"https:\/\/www.lyttosmare.gr\/fr\/wp-json\/wp\/v2\/pages"}],"about":[{"href":"https:\/\/www.lyttosmare.gr\/fr\/wp-json\/wp\/v2\/types\/page"}],"author":[{"embeddable":true,"href":"https:\/\/www.lyttosmare.gr\/fr\/wp-json\/wp\/v2\/users\/1"}],"replies":[{"embeddable":true,"href":"https:\/\/www.lyttosmare.gr\/fr\/wp-json\/wp\/v2\/comments?post=7173"}],"version-history":[{"count":2,"href":"https:\/\/www.lyttosmare.gr\/fr\/wp-json\/wp\/v2\/pages\/7173\/revisions"}],"predecessor-version":[{"id":8679,"href":"https:\/\/www.lyttosmare.gr\/fr\/wp-json\/wp\/v2\/pages\/7173\/revisions\/8679"}],"wp:attachment":[{"href":"https:\/\/www.lyttosmare.gr\/fr\/wp-json\/wp\/v2\/media?parent=7173"}],"curies":[{"name":"wp","href":"https:\/\/api.w.org\/{rel}","templated":true}]}}