{"id":7168,"date":"2021-03-29T12:26:54","date_gmt":"2021-03-29T10:26:54","guid":{"rendered":"https:\/\/www.lyttosmare.gr\/activities\/"},"modified":"2026-01-09T11:10:38","modified_gmt":"2026-01-09T09:10:38","slug":"activities","status":"publish","type":"page","link":"https:\/\/www.lyttosmare.gr\/fr\/activities\/","title":{"rendered":"Activit\u00e9s &#038; Sports"},"content":{"rendered":"<p>B\u00e9n\u00e9ficiant d\u2019un emplacement privil\u00e9gi\u00e9 en bord de mer, Lyttos Mare\u00a0Premium\u00a0All\u00a0Inclusive\u00a0Beach Resort est l\u2019endroit id\u00e9al pour d\u00e9couvrir la Cr\u00e8te d\u2019une mani\u00e8re unique. Avec une vaste offre d\u2019activit\u00e9s, y compris les sports nautiques, le v\u00e9lo, les activit\u00e9s de bien-\u00eatre et sportives, profitez au mieux de vos vacances. Des vacances remplies de plaisir et de sports vous attendent \u00e0 Lyttos Mare. Si profiter du soleil, passer du temps \u00e0 la plage et se pr\u00e9lasser au bord de la piscine ne suffisent pas pour vos vacances, optez pour un sport passionnant. Relevez le d\u00e9fi et restez actif pendant votre s\u00e9jour. Faites votre choix parmi une vari\u00e9t\u00e9 d&rsquo;activit\u00e9s int\u00e9rieures et ext\u00e9rieures organis\u00e9es sp\u00e9cialement pour vous.\u00a0Nos espaces et installations de bien-\u00eatre \u00e0 la pointe de la technologie sont con\u00e7us pour apaiser l\u2019\u00e2me, dynamiser l\u2019esprit et le corps et vous aider \u00e0 vous reconnecter avec le monde qui vous entoure. Prenez le temps de profiter d\u2019une gamme de soins de spa exclusifs ou restez en forme avec une s\u00e9ance \u00e0 la salle de sport.<\/p>\n","protected":false},"excerpt":{"rendered":"<p>B\u00e9n\u00e9ficiant d\u2019un emplacement privil\u00e9gi\u00e9 en bord de mer, Lyttos Mare\u00a0Premium\u00a0All\u00a0Inclusive\u00a0Beach Resort est l\u2019endroit id\u00e9al pour d\u00e9couvrir la Cr\u00e8te d\u2019une mani\u00e8re unique. Avec une vaste offre d\u2019activit\u00e9s, y compris les sports nautiques, le v\u00e9lo, les activit\u00e9s de bien-\u00eatre et sportives, profitez&hellip;<\/p>\n","protected":false},"author":1,"featured_media":0,"parent":0,"menu_order":0,"comment_status":"closed","ping_status":"closed","template":"kobo\/experiences.php","meta":{"_acf_changed":false,"footnotes":""},"class_list":["post-7168","page","type-page","status-publish","hentry","entry","no-media"],"acf":[],"aioseo_notices":[],"_links":{"self":[{"href":"https:\/\/www.lyttosmare.gr\/fr\/wp-json\/wp\/v2\/pages\/7168","targetHints":{"allow":["GET"]}}],"collection":[{"href":"https:\/\/www.lyttosmare.gr\/fr\/wp-json\/wp\/v2\/pages"}],"about":[{"href":"https:\/\/www.lyttosmare.gr\/fr\/wp-json\/wp\/v2\/types\/page"}],"author":[{"embeddable":true,"href":"https:\/\/www.lyttosmare.gr\/fr\/wp-json\/wp\/v2\/users\/1"}],"replies":[{"embeddable":true,"href":"https:\/\/www.lyttosmare.gr\/fr\/wp-json\/wp\/v2\/comments?post=7168"}],"version-history":[{"count":4,"href":"https:\/\/www.lyttosmare.gr\/fr\/wp-json\/wp\/v2\/pages\/7168\/revisions"}],"predecessor-version":[{"id":8682,"href":"https:\/\/www.lyttosmare.gr\/fr\/wp-json\/wp\/v2\/pages\/7168\/revisions\/8682"}],"wp:attachment":[{"href":"https:\/\/www.lyttosmare.gr\/fr\/wp-json\/wp\/v2\/media?parent=7168"}],"curies":[{"name":"wp","href":"https:\/\/api.w.org\/{rel}","templated":true}]}}