{"id":7166,"date":"2021-07-08T12:13:29","date_gmt":"2021-07-08T10:13:29","guid":{"rendered":"https:\/\/www.lyttosmare.gr\/dining\/"},"modified":"2026-01-09T11:10:24","modified_gmt":"2026-01-09T09:10:24","slug":"dining","status":"publish","type":"page","link":"https:\/\/www.lyttosmare.gr\/fr\/dining\/","title":{"rendered":"D\u00ceNER"},"content":{"rendered":"<p>S\u2019inspirant de la gastronomie grecque et de la richesse de la terre cr\u00e9toise, Lyttos Mare Premium All Inclusive Beach Resort propose une exp\u00e9rience culinaire haut de gamme et un m\u00e9lange parfait de cuisine internationale \u00e9labor\u00e9e \u00e0 partir d\u2019ingr\u00e9dients frais. Que vous recherchiez une cuisine r\u00e9confortante savoureuse ou des menus exceptionnels accompagn\u00e9s de vins et de desserts uniques, nos chefs cr\u00e9ent un voyage savoureux d\u00e9butant chaque matin \u00e0 notre petit-d\u00e9jeuner et se terminant par un d\u00eener raffin\u00e9 sous les \u00e9toiles. Faites votre choix parmi une large palette de saveurs dans nos cinq restaurants d\u2019exception et vivez plusieurs exp\u00e9riences gastronomiques raffin\u00e9es.<\/p>\n<p><strong>Besoins di\u00e9t\u00e9tiques particuliers<\/strong><\/p>\n<p>Afin de fournir la plus grande satisfaction, tous les plats sont fra\u00eechement pr\u00e9par\u00e9s chaque jour et nous proposons une large s\u00e9lection pour les v\u00e9g\u00e9tariens, les pescatariens ou les v\u00e9gans. Pour les personnes sensibles au gluten ou au lactose, nous proposons \u00e9galement des formules adapt\u00e9es dans chacun de nos restaurants. N\u2019h\u00e9sitez pas \u00e0 formuler des demandes particuli\u00e8res en cas d\u2019intol\u00e9rances ou d\u2019allergies alimentaires &#8211; nous nous engageons \u00e0 rendre votre exp\u00e9rience la plus agr\u00e9able possible.<\/p>\n","protected":false},"excerpt":{"rendered":"<p>S\u2019inspirant de la gastronomie grecque et de la richesse de la terre cr\u00e9toise, Lyttos Mare Premium All Inclusive Beach Resort propose une exp\u00e9rience culinaire haut de gamme et un m\u00e9lange parfait de cuisine internationale \u00e9labor\u00e9e \u00e0 partir d\u2019ingr\u00e9dients frais. Que&hellip;<\/p>\n","protected":false},"author":1,"featured_media":0,"parent":0,"menu_order":0,"comment_status":"closed","ping_status":"closed","template":"kobo\/dining.php","meta":{"_acf_changed":false,"footnotes":""},"class_list":["post-7166","page","type-page","status-publish","hentry","entry","no-media"],"acf":[],"aioseo_notices":[],"_links":{"self":[{"href":"https:\/\/www.lyttosmare.gr\/fr\/wp-json\/wp\/v2\/pages\/7166","targetHints":{"allow":["GET"]}}],"collection":[{"href":"https:\/\/www.lyttosmare.gr\/fr\/wp-json\/wp\/v2\/pages"}],"about":[{"href":"https:\/\/www.lyttosmare.gr\/fr\/wp-json\/wp\/v2\/types\/page"}],"author":[{"embeddable":true,"href":"https:\/\/www.lyttosmare.gr\/fr\/wp-json\/wp\/v2\/users\/1"}],"replies":[{"embeddable":true,"href":"https:\/\/www.lyttosmare.gr\/fr\/wp-json\/wp\/v2\/comments?post=7166"}],"version-history":[{"count":2,"href":"https:\/\/www.lyttosmare.gr\/fr\/wp-json\/wp\/v2\/pages\/7166\/revisions"}],"predecessor-version":[{"id":8681,"href":"https:\/\/www.lyttosmare.gr\/fr\/wp-json\/wp\/v2\/pages\/7166\/revisions\/8681"}],"wp:attachment":[{"href":"https:\/\/www.lyttosmare.gr\/fr\/wp-json\/wp\/v2\/media?parent=7166"}],"curies":[{"name":"wp","href":"https:\/\/api.w.org\/{rel}","templated":true}]}}