{"id":7163,"date":"2022-09-28T18:32:52","date_gmt":"2022-09-28T16:32:52","guid":{"rendered":"https:\/\/www.lyttosmare.gr\/wellness\/"},"modified":"2023-02-28T17:16:05","modified_gmt":"2023-02-28T15:16:05","slug":"wellness","status":"publish","type":"page","link":"https:\/\/www.lyttosmare.gr\/fr\/wellness\/","title":{"rendered":"BIEN-\u00caTRE"},"content":{"rendered":"<p>Des soins sur mesure, un environnement de bien-\u00eatre paisible et des installations de remise en forme et de spa ultramodernes d\u00e9finissent une journ\u00e9e parfaite au Lyttos Mare Spa. Explorez un monde de bien-\u00eatre, de sant\u00e9 holistique et d\u2019auto-am\u00e9lioration. Pendant votre s\u00e9jour \u00e0 Lyttos Mare, nous vous invitons \u00e0 vous adonner \u00e0 notre large gamme de programmes de remise en forme et de soins signature du visage et du corps adapt\u00e9s \u00e0 votre style de vie.<\/p>\n","protected":false},"excerpt":{"rendered":"<p>Des soins sur mesure, un environnement de bien-\u00eatre paisible et des installations de remise en forme et de spa ultramodernes d\u00e9finissent une journ\u00e9e parfaite au Lyttos Mare Spa. Explorez un monde de bien-\u00eatre, de sant\u00e9 holistique et d\u2019auto-am\u00e9lioration. Pendant votre&hellip;<\/p>\n","protected":false},"author":1,"featured_media":0,"parent":0,"menu_order":0,"comment_status":"closed","ping_status":"closed","template":"kobo\/wellness.php","meta":{"_acf_changed":false,"footnotes":""},"class_list":["post-7163","page","type-page","status-publish","hentry","entry","no-media"],"acf":[],"aioseo_notices":[],"_links":{"self":[{"href":"https:\/\/www.lyttosmare.gr\/fr\/wp-json\/wp\/v2\/pages\/7163","targetHints":{"allow":["GET"]}}],"collection":[{"href":"https:\/\/www.lyttosmare.gr\/fr\/wp-json\/wp\/v2\/pages"}],"about":[{"href":"https:\/\/www.lyttosmare.gr\/fr\/wp-json\/wp\/v2\/types\/page"}],"author":[{"embeddable":true,"href":"https:\/\/www.lyttosmare.gr\/fr\/wp-json\/wp\/v2\/users\/1"}],"replies":[{"embeddable":true,"href":"https:\/\/www.lyttosmare.gr\/fr\/wp-json\/wp\/v2\/comments?post=7163"}],"version-history":[{"count":2,"href":"https:\/\/www.lyttosmare.gr\/fr\/wp-json\/wp\/v2\/pages\/7163\/revisions"}],"predecessor-version":[{"id":7910,"href":"https:\/\/www.lyttosmare.gr\/fr\/wp-json\/wp\/v2\/pages\/7163\/revisions\/7910"}],"wp:attachment":[{"href":"https:\/\/www.lyttosmare.gr\/fr\/wp-json\/wp\/v2\/media?parent=7163"}],"curies":[{"name":"wp","href":"https:\/\/api.w.org\/{rel}","templated":true}]}}