{"id":7158,"date":"2022-11-02T19:07:49","date_gmt":"2022-11-02T17:07:49","guid":{"rendered":"https:\/\/www.lyttosmare.gr\/location\/"},"modified":"2026-01-09T11:11:22","modified_gmt":"2026-01-09T09:11:22","slug":"location","status":"publish","type":"page","link":"https:\/\/www.lyttosmare.gr\/fr\/location\/","title":{"rendered":"EMPLACEMENT"},"content":{"rendered":"<p>Lyttos Mare Premium All Inclusive Beach Resort est situ\u00e9 dans le village baln\u00e9aire d\u2019Analipsi, \u00e0 seulement 4 km du centre de Hersonissos. Hersonissos est une destination populaire pour les vacances d\u2019\u00e9t\u00e9 en Cr\u00e8te et regorge de discoth\u00e8ques anim\u00e9es, de caf\u00e9s et de restaurants, de villages traditionnels, de tavernes locales et de petits ports pittoresques. Elle est r\u00e9put\u00e9e pour sa beaut\u00e9 naturelle, ses longues plages de sable et son ambiance anim\u00e9e qui perdure du jour \u00e0 la nuit. Les couples, groupes d\u2019amis et clients voyageant avec des enfants de plus de 12 ans y trouveront tout ce dont ils ont besoin pour des vacances cr\u00e9toises parfaites lors de leur s\u00e9jour \u00e0 Hersonissos.<\/p>\n","protected":false},"excerpt":{"rendered":"<p>Lyttos Mare Premium All Inclusive Beach Resort est situ\u00e9 dans le village baln\u00e9aire d\u2019Analipsi, \u00e0 seulement 4 km du centre de Hersonissos. Hersonissos est une destination populaire pour les vacances d\u2019\u00e9t\u00e9 en Cr\u00e8te et regorge de discoth\u00e8ques anim\u00e9es, de caf\u00e9s&hellip;<\/p>\n","protected":false},"author":1,"featured_media":0,"parent":0,"menu_order":0,"comment_status":"closed","ping_status":"closed","template":"kobo\/location.php","meta":{"_acf_changed":false,"footnotes":""},"class_list":["post-7158","page","type-page","status-publish","hentry","entry","no-media"],"acf":[],"aioseo_notices":[],"_links":{"self":[{"href":"https:\/\/www.lyttosmare.gr\/fr\/wp-json\/wp\/v2\/pages\/7158","targetHints":{"allow":["GET"]}}],"collection":[{"href":"https:\/\/www.lyttosmare.gr\/fr\/wp-json\/wp\/v2\/pages"}],"about":[{"href":"https:\/\/www.lyttosmare.gr\/fr\/wp-json\/wp\/v2\/types\/page"}],"author":[{"embeddable":true,"href":"https:\/\/www.lyttosmare.gr\/fr\/wp-json\/wp\/v2\/users\/1"}],"replies":[{"embeddable":true,"href":"https:\/\/www.lyttosmare.gr\/fr\/wp-json\/wp\/v2\/comments?post=7158"}],"version-history":[{"count":4,"href":"https:\/\/www.lyttosmare.gr\/fr\/wp-json\/wp\/v2\/pages\/7158\/revisions"}],"predecessor-version":[{"id":8683,"href":"https:\/\/www.lyttosmare.gr\/fr\/wp-json\/wp\/v2\/pages\/7158\/revisions\/8683"}],"wp:attachment":[{"href":"https:\/\/www.lyttosmare.gr\/fr\/wp-json\/wp\/v2\/media?parent=7158"}],"curies":[{"name":"wp","href":"https:\/\/api.w.org\/{rel}","templated":true}]}}