{"id":6798,"date":"2020-12-17T13:22:24","date_gmt":"2020-12-17T11:22:24","guid":{"rendered":"https:\/\/www.lyttosmare.gr\/home\/"},"modified":"2026-01-09T11:00:30","modified_gmt":"2026-01-09T09:00:30","slug":"home","status":"publish","type":"page","link":"https:\/\/www.lyttosmare.gr\/de\/","title":{"rendered":"Startseite"},"content":{"rendered":"<p>Entdecken Sie die herzliche kretische Gastfreundschaft im Lyttos Mare Premium All-Inclusive Beach Resort, einem luxuri\u00f6sen 5-Sterne-Strandresort im Norden Kretas, einer der sch\u00f6nsten Inseln Griechenlands. Genie\u00dfen Sie ruhige Urlaubstage am Meer, exklusiv f\u00fcr Erwachsene und G\u00e4ste ab 12 Jahren.<\/p>\n<p>Eingebettet zwischen pl\u00e4tschernden Pools und einer wundersch\u00f6nen Naturlandschaft, ist Lyttos Mare ein idealer Ort, um Kreta zu erkunden. Lyttos Mare liegt in unmittelbarer N\u00e4he des pulsierenden Hersonissos und der attraktivsten Sehensw\u00fcrdigkeiten der Insel. Die perfekte Wahl, um zu entspannen, Kreta zu entdecken, zu erkunden und zu genie\u00dfen. Die Gastfreundschaft unseres Hotels mit seinem gem\u00fctlichen und stilvollen Ambiente l\u00e4dt Sie zu einem einzigartigen Urlaubserlebnis ein.<\/p>\n","protected":false},"excerpt":{"rendered":"<p>Entdecken Sie die herzliche kretische Gastfreundschaft im Lyttos Mare Premium All-Inclusive Beach Resort, einem luxuri\u00f6sen 5-Sterne-Strandresort im Norden Kretas, einer der sch\u00f6nsten Inseln Griechenlands. Genie\u00dfen Sie ruhige Urlaubstage am Meer, exklusiv f\u00fcr Erwachsene und G\u00e4ste ab 12 Jahren. Eingebettet zwischen&hellip;<\/p>\n","protected":false},"author":1,"featured_media":0,"parent":0,"menu_order":0,"comment_status":"closed","ping_status":"closed","template":"kobo\/home.php","meta":{"_acf_changed":false,"footnotes":""},"class_list":["post-6798","page","type-page","status-publish","hentry","entry","no-media"],"acf":[],"aioseo_notices":[],"_links":{"self":[{"href":"https:\/\/www.lyttosmare.gr\/de\/wp-json\/wp\/v2\/pages\/6798","targetHints":{"allow":["GET"]}}],"collection":[{"href":"https:\/\/www.lyttosmare.gr\/de\/wp-json\/wp\/v2\/pages"}],"about":[{"href":"https:\/\/www.lyttosmare.gr\/de\/wp-json\/wp\/v2\/types\/page"}],"author":[{"embeddable":true,"href":"https:\/\/www.lyttosmare.gr\/de\/wp-json\/wp\/v2\/users\/1"}],"replies":[{"embeddable":true,"href":"https:\/\/www.lyttosmare.gr\/de\/wp-json\/wp\/v2\/comments?post=6798"}],"version-history":[{"count":6,"href":"https:\/\/www.lyttosmare.gr\/de\/wp-json\/wp\/v2\/pages\/6798\/revisions"}],"predecessor-version":[{"id":8669,"href":"https:\/\/www.lyttosmare.gr\/de\/wp-json\/wp\/v2\/pages\/6798\/revisions\/8669"}],"wp:attachment":[{"href":"https:\/\/www.lyttosmare.gr\/de\/wp-json\/wp\/v2\/media?parent=6798"}],"curies":[{"name":"wp","href":"https:\/\/api.w.org\/{rel}","templated":true}]}}