{"id":6796,"date":"2021-03-09T11:42:45","date_gmt":"2021-03-09T09:42:45","guid":{"rendered":"https:\/\/www.lyttosmare.gr\/about\/"},"modified":"2026-01-09T11:01:30","modified_gmt":"2026-01-09T09:01:30","slug":"about","status":"publish","type":"page","link":"https:\/\/www.lyttosmare.gr\/de\/about\/","title":{"rendered":"\u00dcBER DAS HOTEL"},"content":{"rendered":"<p>Das Lyttos Mare Premium All-Inclusive Beach Resort ist eine verw\u00f6hnende Welt modernen Luxus\u2019 an den K\u00fcsten Kretas. Das anspruchsvolle Strandresort mit seiner atemberaubenden Architektur und dem tadellosen Service ist ein Symbol kretischer Gastfreundschaft und von Pracht am Strand von Analipsi in der Bucht von Hersonissos. Mit kristallklaren Pools, endlosem Meerblick und beeindruckenden Sonnenunterg\u00e4ngen bietet das Lyttos Mare ein entspanntes Urlaubserlebnis f\u00fcr Erwachsene und G\u00e4ste ab 12 Jahren, das eine wundersch\u00f6ne nat\u00fcrliche Umgebung mit modernen Einrichtungen und gehobener Gastronomie verbindet.<\/p>\n<p>Sein Name leitet sich von der antiken Stadt Lyttos ab, einem bedeutenden Zentrum der minoischen \u00c4ra, das vor Tausenden von Jahren f\u00fcr seinen Reichtum und seine Macht bekannt war. Das Lyttos Mare Premium All Inclusive Beach Resort verk\u00f6rpert zeitlosen Stil und Eleganz sowie einen raffinierten Ausdruck zeitgen\u00f6ssischer Gastfreundschaft. Mit luftigen, offenen R\u00e4umen und einer ruhigen Atmosph\u00e4re bietet es einen wertvollen R\u00fcckzugsort, an dem G\u00e4ste entspannen, neue Energie tanken und vollkommen abschalten k\u00f6nnen.<\/p>\n<p>Willkommen im Lyttos Mare Premium All-Inclusive Beach Resort, einem All-Inclusive-R\u00fcckzugsort am Meer f\u00fcr Erwachsene und G\u00e4ste ab 12 Jahren, wo unter der kretischen Sonne unvergessliche Urlaubsmomente entstehen.<\/p>\n","protected":false},"excerpt":{"rendered":"<p>Das Lyttos Mare Premium All-Inclusive Beach Resort ist eine verw\u00f6hnende Welt modernen Luxus\u2019 an den K\u00fcsten Kretas. Das anspruchsvolle Strandresort mit seiner atemberaubenden Architektur und dem tadellosen Service ist ein Symbol kretischer Gastfreundschaft und von Pracht am Strand von Analipsi&hellip;<\/p>\n","protected":false},"author":1,"featured_media":0,"parent":0,"menu_order":0,"comment_status":"closed","ping_status":"closed","template":"kobo\/about.php","meta":{"_acf_changed":false,"footnotes":""},"class_list":["post-6796","page","type-page","status-publish","hentry","entry","no-media"],"acf":[],"aioseo_notices":[],"_links":{"self":[{"href":"https:\/\/www.lyttosmare.gr\/de\/wp-json\/wp\/v2\/pages\/6796","targetHints":{"allow":["GET"]}}],"collection":[{"href":"https:\/\/www.lyttosmare.gr\/de\/wp-json\/wp\/v2\/pages"}],"about":[{"href":"https:\/\/www.lyttosmare.gr\/de\/wp-json\/wp\/v2\/types\/page"}],"author":[{"embeddable":true,"href":"https:\/\/www.lyttosmare.gr\/de\/wp-json\/wp\/v2\/users\/1"}],"replies":[{"embeddable":true,"href":"https:\/\/www.lyttosmare.gr\/de\/wp-json\/wp\/v2\/comments?post=6796"}],"version-history":[{"count":7,"href":"https:\/\/www.lyttosmare.gr\/de\/wp-json\/wp\/v2\/pages\/6796\/revisions"}],"predecessor-version":[{"id":8670,"href":"https:\/\/www.lyttosmare.gr\/de\/wp-json\/wp\/v2\/pages\/6796\/revisions\/8670"}],"wp:attachment":[{"href":"https:\/\/www.lyttosmare.gr\/de\/wp-json\/wp\/v2\/media?parent=6796"}],"curies":[{"name":"wp","href":"https:\/\/api.w.org\/{rel}","templated":true}]}}