{"id":6791,"date":"2021-03-09T11:42:50","date_gmt":"2021-03-09T09:42:50","guid":{"rendered":"https:\/\/www.lyttosmare.gr\/accommodation\/"},"modified":"2026-01-09T11:02:34","modified_gmt":"2026-01-09T09:02:34","slug":"accommodation","status":"publish","type":"page","link":"https:\/\/www.lyttosmare.gr\/de\/accommodation\/","title":{"rendered":"Unterkunft"},"content":{"rendered":"<p>Genie\u00dfen Sie durchdachte und ma\u00dfgeschneiderte Annehmlichkeiten f\u00fcr Erwachsene und G\u00e4ste ab 12 Jahren. Helle Holzakzente, luxuri\u00f6se Stoffe und eine vom Mittelmeer und der griechischen K\u00fcstenlandschaft inspirierte Farbpalette schaffen eine Atmosph\u00e4re von unaufdringlicher Eleganz. Genie\u00dfen Sie von Ihrem Balkon oder Ihrer Terrasse aus einen atemberaubenden Blick auf die G\u00e4rten, die makellosen Pools und das kretische Meer.<\/p>\n<p>Im Lyttos Mare Premium All-Inclusive Beach Resort ist Ihr h\u00f6chster Komfort unser wichtigstes Anliegen. Deshalb verf\u00fcgen alle G\u00e4stezimmer \u00fcber ein exklusives Bettenkonzept und gehobene Badausstattung. Unser vielf\u00e4ltiges Angebot an Unterk\u00fcnften reicht von eleganten Zimmern und Suiten bis hin zu ger\u00e4umigen Suiten mit mehreren Schlafzimmern \u2013 ideal f\u00fcr Paare, Freunde und G\u00e4ste ab 12 Jahren, die gemeinsam reisen. Entspannen Sie sich, lassen Sie sich verw\u00f6hnen und tanken Sie neue Energie, w\u00e4hrend Sie in die authentische kretische Gastfreundschaft, ma\u00dfgeschneiderten Luxus und einen Service mit Liebe zum Detail eintauchen. In diesem einladenden F\u00fcnf-Sterne-Refugium auf Kreta werden Sie sich sofort wie zu Hause f\u00fchlen.<\/p>\n","protected":false},"excerpt":{"rendered":"<p>Genie\u00dfen Sie durchdachte und ma\u00dfgeschneiderte Annehmlichkeiten f\u00fcr Erwachsene und G\u00e4ste ab 12 Jahren. Helle Holzakzente, luxuri\u00f6se Stoffe und eine vom Mittelmeer und der griechischen K\u00fcstenlandschaft inspirierte Farbpalette schaffen eine Atmosph\u00e4re von unaufdringlicher Eleganz. Genie\u00dfen Sie von Ihrem Balkon oder Ihrer&hellip;<\/p>\n","protected":false},"author":1,"featured_media":0,"parent":0,"menu_order":0,"comment_status":"closed","ping_status":"closed","template":"kobo\/rooms.php","meta":{"_acf_changed":false,"footnotes":""},"class_list":["post-6791","page","type-page","status-publish","hentry","entry","no-media"],"acf":[],"aioseo_notices":[],"_links":{"self":[{"href":"https:\/\/www.lyttosmare.gr\/de\/wp-json\/wp\/v2\/pages\/6791","targetHints":{"allow":["GET"]}}],"collection":[{"href":"https:\/\/www.lyttosmare.gr\/de\/wp-json\/wp\/v2\/pages"}],"about":[{"href":"https:\/\/www.lyttosmare.gr\/de\/wp-json\/wp\/v2\/types\/page"}],"author":[{"embeddable":true,"href":"https:\/\/www.lyttosmare.gr\/de\/wp-json\/wp\/v2\/users\/1"}],"replies":[{"embeddable":true,"href":"https:\/\/www.lyttosmare.gr\/de\/wp-json\/wp\/v2\/comments?post=6791"}],"version-history":[{"count":4,"href":"https:\/\/www.lyttosmare.gr\/de\/wp-json\/wp\/v2\/pages\/6791\/revisions"}],"predecessor-version":[{"id":8672,"href":"https:\/\/www.lyttosmare.gr\/de\/wp-json\/wp\/v2\/pages\/6791\/revisions\/8672"}],"wp:attachment":[{"href":"https:\/\/www.lyttosmare.gr\/de\/wp-json\/wp\/v2\/media?parent=6791"}],"curies":[{"name":"wp","href":"https:\/\/api.w.org\/{rel}","templated":true}]}}