{"id":6779,"date":"2021-03-29T12:26:54","date_gmt":"2021-03-29T10:26:54","guid":{"rendered":"https:\/\/www.lyttosmare.gr\/activities\/"},"modified":"2026-01-09T11:04:43","modified_gmt":"2026-01-09T09:04:43","slug":"activities","status":"publish","type":"page","link":"https:\/\/www.lyttosmare.gr\/de\/activities\/","title":{"rendered":"Aktivit\u00e4ten &#038; Sport"},"content":{"rendered":"<p>Mit seiner erstklassigen Strandlage ist das Lyttos Mare Premium All-Inclusive Beach Resort der perfekte Ort, um Kreta auf einzigartige Weise zu entdecken. Mit einem umfangreichen Angebot an Aktivit\u00e4ten, darunter Wassersport, Radfahren, Wellness und Sport, k\u00f6nnen Sie Ihren Urlaub in vollen Z\u00fcgen genie\u00dfen. Ein Urlaub voller Spa\u00df und Sport erwartet Sie im Lyttos Mare. Wenn Ihnen Sonne, Strand und Faulenzen am Pool in Ihrem Urlaub nicht ausreichen, dann k\u00f6nnen Sie sich einer spannenden Sportart widmen. Fordern Sie sich selbst heraus und bleiben Sie w\u00e4hrend Ihres Aufenthalts aktiv. W\u00e4hlen Sie aus einer Vielzahl von Indoor- und Outdoor-Aktivit\u00e4ten, die wir speziell f\u00fcr Sie zusammengestellt haben. Unsere hochmodernen Wellness-Bereiche und -Einrichtungen sind so konzipiert, dass sie die Seele verw\u00f6hnen, K\u00f6rper und Geist beleben und Ihnen dabei helfen Ihre Balance wiederzufinden. Nehmen Sie sich etwas Zeit, um sich mit einer Reihe von Spa-Behandlungen zu verw\u00f6hnen, oder halten Sie sich im Fitnessstudio fit.<\/p>\n","protected":false},"excerpt":{"rendered":"<p>Mit seiner erstklassigen Strandlage ist das Lyttos Mare Premium All-Inclusive Beach Resort der perfekte Ort, um Kreta auf einzigartige Weise zu entdecken. Mit einem umfangreichen Angebot an Aktivit\u00e4ten, darunter Wassersport, Radfahren, Wellness und Sport, k\u00f6nnen Sie Ihren Urlaub in vollen&hellip;<\/p>\n","protected":false},"author":1,"featured_media":0,"parent":0,"menu_order":0,"comment_status":"closed","ping_status":"closed","template":"kobo\/experiences.php","meta":{"_acf_changed":false,"footnotes":""},"class_list":["post-6779","page","type-page","status-publish","hentry","entry","no-media"],"acf":[],"aioseo_notices":[],"_links":{"self":[{"href":"https:\/\/www.lyttosmare.gr\/de\/wp-json\/wp\/v2\/pages\/6779","targetHints":{"allow":["GET"]}}],"collection":[{"href":"https:\/\/www.lyttosmare.gr\/de\/wp-json\/wp\/v2\/pages"}],"about":[{"href":"https:\/\/www.lyttosmare.gr\/de\/wp-json\/wp\/v2\/types\/page"}],"author":[{"embeddable":true,"href":"https:\/\/www.lyttosmare.gr\/de\/wp-json\/wp\/v2\/users\/1"}],"replies":[{"embeddable":true,"href":"https:\/\/www.lyttosmare.gr\/de\/wp-json\/wp\/v2\/comments?post=6779"}],"version-history":[{"count":4,"href":"https:\/\/www.lyttosmare.gr\/de\/wp-json\/wp\/v2\/pages\/6779\/revisions"}],"predecessor-version":[{"id":8675,"href":"https:\/\/www.lyttosmare.gr\/de\/wp-json\/wp\/v2\/pages\/6779\/revisions\/8675"}],"wp:attachment":[{"href":"https:\/\/www.lyttosmare.gr\/de\/wp-json\/wp\/v2\/media?parent=6779"}],"curies":[{"name":"wp","href":"https:\/\/api.w.org\/{rel}","templated":true}]}}