{"id":6775,"date":"2021-07-08T12:13:29","date_gmt":"2021-07-08T10:13:29","guid":{"rendered":"https:\/\/www.lyttosmare.gr\/dining\/"},"modified":"2026-01-09T11:04:14","modified_gmt":"2026-01-09T09:04:14","slug":"dining","status":"publish","type":"page","link":"https:\/\/www.lyttosmare.gr\/de\/dining\/","title":{"rendered":"Essen"},"content":{"rendered":"<p>Inspiriert von der griechischen Gastronomie und dem Reichtum der kretischen Erde bietet das Lyttos Mare Premium All-Inclusive Beach Resort ein kulinarisches Erlebnis der Spitzenklasse und eine perfekte Kombination aus internationaler K\u00fcche mit frischen Zutaten. Unsere K\u00fcchenchefs kreieren eine kulinarische Reise, die jeden Morgen mit unserem Fr\u00fchst\u00fcck beginnt und mit einem feinen Abendessen unter dem Sternenhimmel endet, sei es in Form von schmackhafter Komfortk\u00fcche oder au\u00dfergew\u00f6hnlichen Men\u00fcs, die mit einzigartigen Weinen und Desserts kombiniert werden. W\u00e4hlen Sie aus einer breiten Palette von Geschmacksrichtungen in unseren f\u00fcnf hervorragenden Restaurants und genie\u00dfen Sie kulinarische H\u00f6hepunkte voller Vielfalt.<\/p>\n<p><strong>Besondere di\u00e4tetische Anforderungen<\/strong><\/p>\n<p>Um Ihnen ein H\u00f6chstma\u00df an Zufriedenheit zu bieten, werden alle Speisen t\u00e4glich frisch zubereitet. Es gibt eine gro\u00dfe Men\u00fcauswahl f\u00fcr Vegetarier, Fischliebhaber und Veganer. Auch f\u00fcr diejenigen, die auf Gluten oder Laktose empfindlich reagieren, bieten wir in jedem unserer Restaurants die entsprechenden Auswahlm\u00f6glichkeiten. Sonderw\u00fcnsche zu Lebensmittelunvertr\u00e4glichkeiten oder Allergien k\u00f6nnen Sie uns selbstverst\u00e4ndlich jederzeit mitteilen. Unser Ziel ist es, Ihren Aufenthalt bei uns so angenehm wie m\u00f6glich zu gestalten.<\/p>\n","protected":false},"excerpt":{"rendered":"<p>Inspiriert von der griechischen Gastronomie und dem Reichtum der kretischen Erde bietet das Lyttos Mare Premium All-Inclusive Beach Resort ein kulinarisches Erlebnis der Spitzenklasse und eine perfekte Kombination aus internationaler K\u00fcche mit frischen Zutaten. Unsere K\u00fcchenchefs kreieren eine kulinarische Reise,&hellip;<\/p>\n","protected":false},"author":1,"featured_media":0,"parent":0,"menu_order":0,"comment_status":"closed","ping_status":"closed","template":"kobo\/dining.php","meta":{"_acf_changed":false,"footnotes":""},"class_list":["post-6775","page","type-page","status-publish","hentry","entry","no-media"],"acf":[],"aioseo_notices":[],"_links":{"self":[{"href":"https:\/\/www.lyttosmare.gr\/de\/wp-json\/wp\/v2\/pages\/6775","targetHints":{"allow":["GET"]}}],"collection":[{"href":"https:\/\/www.lyttosmare.gr\/de\/wp-json\/wp\/v2\/pages"}],"about":[{"href":"https:\/\/www.lyttosmare.gr\/de\/wp-json\/wp\/v2\/types\/page"}],"author":[{"embeddable":true,"href":"https:\/\/www.lyttosmare.gr\/de\/wp-json\/wp\/v2\/users\/1"}],"replies":[{"embeddable":true,"href":"https:\/\/www.lyttosmare.gr\/de\/wp-json\/wp\/v2\/comments?post=6775"}],"version-history":[{"count":5,"href":"https:\/\/www.lyttosmare.gr\/de\/wp-json\/wp\/v2\/pages\/6775\/revisions"}],"predecessor-version":[{"id":8674,"href":"https:\/\/www.lyttosmare.gr\/de\/wp-json\/wp\/v2\/pages\/6775\/revisions\/8674"}],"wp:attachment":[{"href":"https:\/\/www.lyttosmare.gr\/de\/wp-json\/wp\/v2\/media?parent=6775"}],"curies":[{"name":"wp","href":"https:\/\/api.w.org\/{rel}","templated":true}]}}