{"id":6764,"date":"2022-10-26T12:39:54","date_gmt":"2022-10-26T10:39:54","guid":{"rendered":"https:\/\/www.lyttosmare.gr\/services-facilities\/"},"modified":"2026-01-09T11:03:20","modified_gmt":"2026-01-09T09:03:20","slug":"services-facilities","status":"publish","type":"page","link":"https:\/\/www.lyttosmare.gr\/de\/services-facilities\/","title":{"rendered":"Dienstleistungen"},"content":{"rendered":"<p>Verbessern Sie Ihren Aufenthalt im Lyttos Mare Premium All-Inclusive Beach Resort. Ein F\u00fcnf-Sterne-All-Inclusive-Strandresort auf Kreta, das \u00fcber einen langen Sandstrand mit nat\u00fcrlichen G\u00e4rten, flie\u00dfenden Pools, tadellosem personalisiertem Service, erstklassigen Annehmlichkeiten und Einrichtungen verf\u00fcgt. Erleben Sie den perfekten Urlaub in Griechenland und genie\u00dfen Sie die folgenden Angebote:<\/p>\n","protected":false},"excerpt":{"rendered":"<p>Verbessern Sie Ihren Aufenthalt im Lyttos Mare Premium All-Inclusive Beach Resort. Ein F\u00fcnf-Sterne-All-Inclusive-Strandresort auf Kreta, das \u00fcber einen langen Sandstrand mit nat\u00fcrlichen G\u00e4rten, flie\u00dfenden Pools, tadellosem personalisiertem Service, erstklassigen Annehmlichkeiten und Einrichtungen verf\u00fcgt. Erleben Sie den perfekten Urlaub in Griechenland&hellip;<\/p>\n","protected":false},"author":1,"featured_media":0,"parent":0,"menu_order":0,"comment_status":"closed","ping_status":"closed","template":"kobo\/services.php","meta":{"_acf_changed":false,"footnotes":""},"class_list":["post-6764","page","type-page","status-publish","hentry","entry","no-media"],"acf":[],"aioseo_notices":[],"_links":{"self":[{"href":"https:\/\/www.lyttosmare.gr\/de\/wp-json\/wp\/v2\/pages\/6764","targetHints":{"allow":["GET"]}}],"collection":[{"href":"https:\/\/www.lyttosmare.gr\/de\/wp-json\/wp\/v2\/pages"}],"about":[{"href":"https:\/\/www.lyttosmare.gr\/de\/wp-json\/wp\/v2\/types\/page"}],"author":[{"embeddable":true,"href":"https:\/\/www.lyttosmare.gr\/de\/wp-json\/wp\/v2\/users\/1"}],"replies":[{"embeddable":true,"href":"https:\/\/www.lyttosmare.gr\/de\/wp-json\/wp\/v2\/comments?post=6764"}],"version-history":[{"count":10,"href":"https:\/\/www.lyttosmare.gr\/de\/wp-json\/wp\/v2\/pages\/6764\/revisions"}],"predecessor-version":[{"id":8673,"href":"https:\/\/www.lyttosmare.gr\/de\/wp-json\/wp\/v2\/pages\/6764\/revisions\/8673"}],"wp:attachment":[{"href":"https:\/\/www.lyttosmare.gr\/de\/wp-json\/wp\/v2\/media?parent=6764"}],"curies":[{"name":"wp","href":"https:\/\/api.w.org\/{rel}","templated":true}]}}