{"id":6762,"date":"2022-11-02T19:07:49","date_gmt":"2022-11-02T17:07:49","guid":{"rendered":"https:\/\/www.lyttosmare.gr\/location\/"},"modified":"2026-01-09T11:05:28","modified_gmt":"2026-01-09T09:05:28","slug":"location","status":"publish","type":"page","link":"https:\/\/www.lyttosmare.gr\/de\/location\/","title":{"rendered":"Lage"},"content":{"rendered":"<p>Das Lyttos Mare Premium All Inclusive Beach Resort befindet sich im K\u00fcstendorf Analipsi, nur 4 km vom Zentrum des Hersonissos. Der Urlaubsort Hersonissos ist ein beliebtes Reiseziel f\u00fcr den Sommerurlaub auf Kreta. Hier gibt es pulsierende Nachtclubs, Caf\u00e9s und Restaurants, traditionelle D\u00f6rfer, lokale Tavernen und malerische kleine H\u00e4fen. Er ist bekannt f\u00fcr seine nat\u00fcrliche Sch\u00f6nheit, die langen Sandstr\u00e4nde und die lebendige Atmosph\u00e4re, die vom Tag bis in die Nacht anh\u00e4lt. Paare, Freundesgruppen und G\u00e4ste, die mit Kindern ab 12 Jahren reisen, finden w\u00e4hrend ihres Aufenthalts in Hersonissos alles, was sie f\u00fcr einen perfekten Urlaub auf Kreta ben\u00f6tigen.<\/p>\n","protected":false},"excerpt":{"rendered":"<p>Das Lyttos Mare Premium All Inclusive Beach Resort befindet sich im K\u00fcstendorf Analipsi, nur 4 km vom Zentrum des Hersonissos. Der Urlaubsort Hersonissos ist ein beliebtes Reiseziel f\u00fcr den Sommerurlaub auf Kreta. Hier gibt es pulsierende Nachtclubs, Caf\u00e9s und Restaurants,&hellip;<\/p>\n","protected":false},"author":1,"featured_media":0,"parent":0,"menu_order":0,"comment_status":"closed","ping_status":"closed","template":"kobo\/location.php","meta":{"_acf_changed":false,"footnotes":""},"class_list":["post-6762","page","type-page","status-publish","hentry","entry","no-media"],"acf":[],"aioseo_notices":[],"_links":{"self":[{"href":"https:\/\/www.lyttosmare.gr\/de\/wp-json\/wp\/v2\/pages\/6762","targetHints":{"allow":["GET"]}}],"collection":[{"href":"https:\/\/www.lyttosmare.gr\/de\/wp-json\/wp\/v2\/pages"}],"about":[{"href":"https:\/\/www.lyttosmare.gr\/de\/wp-json\/wp\/v2\/types\/page"}],"author":[{"embeddable":true,"href":"https:\/\/www.lyttosmare.gr\/de\/wp-json\/wp\/v2\/users\/1"}],"replies":[{"embeddable":true,"href":"https:\/\/www.lyttosmare.gr\/de\/wp-json\/wp\/v2\/comments?post=6762"}],"version-history":[{"count":3,"href":"https:\/\/www.lyttosmare.gr\/de\/wp-json\/wp\/v2\/pages\/6762\/revisions"}],"predecessor-version":[{"id":8676,"href":"https:\/\/www.lyttosmare.gr\/de\/wp-json\/wp\/v2\/pages\/6762\/revisions\/8676"}],"wp:attachment":[{"href":"https:\/\/www.lyttosmare.gr\/de\/wp-json\/wp\/v2\/media?parent=6762"}],"curies":[{"name":"wp","href":"https:\/\/api.w.org\/{rel}","templated":true}]}}